{"id":2536,"date":"2026-02-05T20:37:41","date_gmt":"2026-02-05T20:37:41","guid":{"rendered":"https:\/\/escolademusicasantjoan.com\/?page_id=2536"},"modified":"2026-02-06T14:54:43","modified_gmt":"2026-02-06T14:54:43","slug":"xerrades-educativas","status":"publish","type":"page","link":"https:\/\/escolademusicasantjoan.com\/ca\/xerrades-educativas\/","title":{"rendered":"Xerrades Educatives"},"content":{"rendered":"<div  class='flex_column av-7uviw8-63e881e0dd33d8f621910ff82e746a73 av_one_fifth  avia-builder-el-0  el_before_av_three_fifth  avia-builder-el-first  first flex_column_div'     ><\/div>\n<div  class='flex_column av-7kkiew-dd103270b6e6d88ff304fa4d0f221bf9 av_three_fifth  avia-builder-el-1  el_after_av_one_fifth  el_before_av_one_fifth  flex_column_div'     ><\/div>\n<div  class='flex_column av-3381h4-c04f227bb9b04a286b42ff5c03c9b3e7 av_one_fifth  avia-builder-el-2  el_after_av_three_fifth  el_before_av_partner  flex_column_div'     ><\/div>\n\n<style type=\"text\/css\" data-created_by=\"avia_inline_auto\" id=\"style-css-av-ml9zt7mq-efc30ab44f6e8dcdd64eb747390e01c7\">\n.avia-logo-element-container.av-ml9zt7mq-efc30ab44f6e8dcdd64eb747390e01c7 .av-partner-fake-img{\nbackground-size:cover;\n}\n<\/style>\n<div  class='avia-logo-element-container av-ml9zt7mq-efc30ab44f6e8dcdd64eb747390e01c7 avia-logo-slider avia-content-slider avia-smallarrow-slider avia-content-slider-active noHover avia-content-slider-odd  avia-builder-el-3  el_after_av_one_fifth  el_before_av_heading  av-slideshow-ui av-control-default av-nav-arrows-visible av-nav-dots-visible av-no-slider-navigation av-slideshow-manual av-loop-once av-loop-manual-endless avia-content-slider1' data-slideshow-options=\"{&quot;animation&quot;:&quot;slide&quot;,&quot;autoplay&quot;:false,&quot;loop_autoplay&quot;:&quot;once&quot;,&quot;interval&quot;:5,&quot;loop_manual&quot;:&quot;manual-endless&quot;,&quot;autoplay_stopper&quot;:false,&quot;noNavigation&quot;:false,&quot;bg_slider&quot;:false,&quot;keep_padding&quot;:&quot;&quot;,&quot;hoverpause&quot;:false,&quot;show_slide_delay&quot;:0}\"><div class='avia-smallarrow-slider-heading  no-logo-slider-heading'><div class='new-special-heading'>&nbsp;<\/div><\/div><div class=\"avia-content-slider-inner\"><div class=\"slide-entry-wrap\"><div  class='slide-entry av-2k4vtk-e816d3be3c3b1d9feaf79b09c331f0a4 flex_column no_margin av_fullwidth real-thumbnail post-entry slide-entry-overview slide-loop-1 slide-parity-odd post-entry-last first'><span class='av-partner-fake-img' style='padding-bottom:141.44271570014%; background-image:url(https:\/\/escolademusicasantjoan.com\/wp-content\/uploads\/2026\/02\/XERRADES-A3.png);'><\/span><\/div><\/div><\/div><\/div>\n\n<style type=\"text\/css\" data-created_by=\"avia_inline_auto\" id=\"style-css-av-ml9wdki5-6be12237818ae54a91a56a251085043b\">\n#top .av-special-heading.av-ml9wdki5-6be12237818ae54a91a56a251085043b{\npadding-bottom:10px;\n}\nbody .av-special-heading.av-ml9wdki5-6be12237818ae54a91a56a251085043b .av-special-heading-tag .heading-char{\nfont-size:25px;\n}\n.av-special-heading.av-ml9wdki5-6be12237818ae54a91a56a251085043b .av-subheading{\nfont-size:15px;\n}\n<\/style>\n<div  class='av-special-heading av-ml9wdki5-6be12237818ae54a91a56a251085043b av-special-heading-h2 blockquote modern-quote modern-centered  avia-builder-el-4  el_after_av_partner  el_before_av_one_full'><h2 class='av-special-heading-tag'  itemprop=\"headline\"  >Xerrades Educatives<\/h2><div class='av-subheading av-subheading_below'><p>el valor de ense\u00f1ar<\/p>\n<\/div><div class=\"special-heading-border\"><div class=\"special-heading-inner-border\"><\/div><\/div><\/div>\n<div  class='flex_column av-6a24mw-00009a512ce9538e2321d90d3352da31 av_one_full  avia-builder-el-5  el_after_av_heading  el_before_av_textblock  first flex_column_div'     ><\/div>\n<section  class='av_textblock_section av-ml9wczqt-0771197fb27295418464c7a71882ae4b'   itemscope=\"itemscope\" itemtype=\"https:\/\/schema.org\/CreativeWork\" ><div class='avia_textblock'  itemprop=\"text\" ><\/div><\/section>\n\n<style type=\"text\/css\" data-created_by=\"avia_inline_auto\" id=\"style-css-av-ml9wis3n-bdd753ca8065e43023370da67bf5c3a5\">\n#top .av_textblock_section.av-ml9wis3n-bdd753ca8065e43023370da67bf5c3a5 .avia_textblock{\nfont-size:19px;\n}\n<\/style>\n<section  class='av_textblock_section av-ml9wis3n-bdd753ca8065e43023370da67bf5c3a5'   itemscope=\"itemscope\" itemtype=\"https:\/\/schema.org\/CreativeWork\" ><div class='avia_textblock'  itemprop=\"text\" ><p>L' <strong>Escola de M\u00fasica de Sant Joan de Labritja<\/strong> est mant\u00e9 ferma a la seva vocaci\u00f3 educativa en tots els \u00e0mbits associats a l'educaci\u00f3 musical.<\/p>\n<p>Per aix\u00f2, hem organitzat una s\u00e8rie de <strong>Xerrades Educatives<\/strong> amb ponents experimentats tant en l'\u00e0mbit musical com en el d'altres \u00e0rees transversals i que compartiran la seva visi\u00f3 del fet d'ensenyar aix\u00ed com els reptes que se'ns presenten per a projectar un futur m\u00e9s comprom\u00e8s amb els valors propis de l'educaci\u00f3 i d'un ensenyament que requereix una revisi\u00f3 constant.<\/p>\n<p>Les xerrades tindran lloc en l'Escola de M\u00fasica a les 19h i obertes al p\u00fablic en general.<\/p>\n<p>Consulta la programaci\u00f3 i Inscriu-te gratu\u00eftament.<\/p>\n<\/div><\/section>\n<div  class='flex_column av-3kpbso-cf859fbbc750df514f515fed14214192 av_one_full  avia-builder-el-8  el_after_av_textblock  el_before_av_contact  first flex_column_div  column-top-margin'     ><\/div>\n<form action=\"https:\/\/escolademusicasantjoan.com\/ca\/xerrades-educativas\/\" method=\"post\" data-fields-with-error=\"Found errors in the following field(s):\" class=\"avia_ajax_form av-form-labels-visible   avia-builder-el-9  el_after_av_one_full  el_before_av_one_full  av-custom-form-color av-dark-form\" data-avia-form-id=\"1\" data-avia-redirect=''  aria-label='Formulari de contacte' data-trp-original-action=\"https:\/\/escolademusicasantjoan.com\/ca\/xerrades-educativas\/\" ><fieldset><p class='first_form  form_element form_fullwidth' id='element_avia_1_1'><label for=\"avia_1_1\">nom <abbr class=\"required\" title=\"obligatori\">*<\/abbr><\/label> <input name=\"avia_1_1\" class=\"text_input is_empty\" type=\"text\" id=\"avia_1_1\" value=\"\" \/><\/p><p class='first_form  form_element form_fullwidth' id='element_avia_2_1'><label for=\"avia_2_1\">email <abbr class=\"required\" title=\"obligatori\">*<\/abbr><\/label> <input name=\"avia_2_1\" class=\"text_input is_empty\" type=\"text\" id=\"avia_2_1\" value=\"\" \/><\/p><p class='first_form  form_element form_fullwidth' id='element_avia_3_1'><label for=\"avia_3_1\">tria la teva xerrada (arrossega sobre les opcions que desitgis assistir) <abbr class=\"required\" title=\"obligatori\">*<\/abbr><\/label><select multiple name=\"avia_3_1\" class=\"select is_empty av-multi-select\" id=\"avia_3_1\"><option   value='13 marzo: El valor de educar'>13 mar\u00e7: El valor d'educar<\/option><option   value='17 abril: \u00bfY si los sacamos de la burbuja?'>I si els traiem de la bombolla?<\/option><option   value='15 mayo: Un viaje en el tiempo por la m\u00fasica de Ibiza'>15 maig: Un viatge en el temps per la m\u00fasica d'Eivissa<\/option><option   value='29 mayo: Presentaci\u00f3n del libro Organiza-T'>29 maig: Presentaci\u00f3 del llibre Organiza-T<\/option><\/select><\/p><p class=\"hidden\"><input type=\"text\" name=\"avia_4_1\" class=\"hidden\" id=\"avia_4_1\" value=\"\" \/><\/p><p class='form_element form_fullwidth' id='element_avia_5_1'><span class='value_verifier_label'>2 + 6 = ?<\/span><input name=\"avia_5_1_verifier\" type=\"hidden\" id=\"avia_5_1_verifier\" value=\"765285324\"\/><label for=\"avia_5_1\">Please prove that you are human by solving the equation <abbr class=\"required\" title=\"obligatori\">*<\/abbr><\/label><input name=\"avia_5_1\" class=\"text_input captcha\" type=\"text\" id=\"avia_5_1\" value=\"\"\/><\/p><p class=\"form_element\"><input type=\"hidden\" value=\"1\" name=\"avia_generated_form1\" \/><input type=\"submit\" value=\"Enviar\" class=\"button\"  data-sending-label=\"Enviant\"\/><\/p><\/fieldset><input type=\"hidden\" name=\"trp-form-language\" value=\"ca\"\/><\/form><div id=\"ajaxresponse_1\" class=\"ajaxresponse ajaxresponse_1 hidden\"><\/div>\n<div  class='flex_column av-7flbso-5b98cfa9243f6e89f02cd185e1afd0eb av_one_full  avia-builder-el-10  el_after_av_contact  el_before_av_one_full  first flex_column_div'     ><\/div>\n<div  class='flex_column av-3t9ywo-5974614f8715d85921ff84bf921d7a72 av_one_full  avia-builder-el-11  el_after_av_one_full  avia-builder-el-last  first flex_column_div  column-top-margin'     ><\/div>","protected":false},"excerpt":{"rendered":"","protected":false},"author":2,"featured_media":2557,"parent":0,"menu_order":0,"comment_status":"closed","ping_status":"closed","template":"","meta":{"footnotes":""},"class_list":["post-2536","page","type-page","status-publish","has-post-thumbnail","hentry"],"yoast_head":"<!-- This site is optimized with the Yoast SEO plugin v25.2 - https:\/\/yoast.com\/wordpress\/plugins\/seo\/ -->\n<title>Xerrades Educatives &#062; Escola De M\u00fasica Sant Joan<\/title>\n<meta name=\"robots\" content=\"index, follow, max-snippet:-1, max-image-preview:large, max-video-preview:-1\" \/>\n<link rel=\"canonical\" href=\"https:\/\/escolademusicasantjoan.com\/ca\/xerrades-educativas\/\" \/>\n<meta property=\"og:locale\" content=\"ca_ES\" \/>\n<meta property=\"og:type\" content=\"article\" \/>\n<meta property=\"og:title\" content=\"Xerrades Educatives &#062; Escola De M\u00fasica Sant Joan\" \/>\n<meta property=\"og:url\" content=\"https:\/\/escolademusicasantjoan.com\/ca\/xerrades-educativas\/\" \/>\n<meta property=\"og:site_name\" content=\"Escola De M\u00fasica Sant Joan\" \/>\n<meta property=\"article:modified_time\" content=\"2026-02-06T14:54:43+00:00\" \/>\n<meta property=\"og:image\" content=\"https:\/\/escolademusicasantjoan.com\/wp-content\/uploads\/2026\/02\/TROBADES-EDUCATIVES-A-SANT-JOAN-2.png\" \/>\n\t<meta property=\"og:image:width\" content=\"1414\" \/>\n\t<meta property=\"og:image:height\" content=\"2000\" \/>\n\t<meta property=\"og:image:type\" content=\"image\/png\" \/>\n<meta name=\"twitter:card\" content=\"summary_large_image\" \/>\n<meta name=\"twitter:label1\" content=\"Temps estimat de lectura\" \/>\n\t<meta name=\"twitter:data1\" content=\"1 minut\" \/>\n<script type=\"application\/ld+json\" class=\"yoast-schema-graph\">{\"@context\":\"https:\/\/schema.org\",\"@graph\":[{\"@type\":\"WebPage\",\"@id\":\"https:\/\/escolademusicasantjoan.com\/xerrades-educativas\/\",\"url\":\"https:\/\/escolademusicasantjoan.com\/xerrades-educativas\/\",\"name\":\"Xerrades Educatives &#062; Escola De M\u00fasica Sant Joan\",\"isPartOf\":{\"@id\":\"https:\/\/escolademusicasantjoan.com\/#website\"},\"primaryImageOfPage\":{\"@id\":\"https:\/\/escolademusicasantjoan.com\/xerrades-educativas\/#primaryimage\"},\"image\":{\"@id\":\"https:\/\/escolademusicasantjoan.com\/xerrades-educativas\/#primaryimage\"},\"thumbnailUrl\":\"https:\/\/escolademusicasantjoan.com\/wp-content\/uploads\/2026\/02\/TROBADES-EDUCATIVES-A-SANT-JOAN-2.png\",\"datePublished\":\"2026-02-05T20:37:41+00:00\",\"dateModified\":\"2026-02-06T14:54:43+00:00\",\"breadcrumb\":{\"@id\":\"https:\/\/escolademusicasantjoan.com\/xerrades-educativas\/#breadcrumb\"},\"inLanguage\":\"ca\",\"potentialAction\":[{\"@type\":\"ReadAction\",\"target\":[\"https:\/\/escolademusicasantjoan.com\/xerrades-educativas\/\"]}]},{\"@type\":\"ImageObject\",\"inLanguage\":\"ca\",\"@id\":\"https:\/\/escolademusicasantjoan.com\/xerrades-educativas\/#primaryimage\",\"url\":\"https:\/\/escolademusicasantjoan.com\/wp-content\/uploads\/2026\/02\/TROBADES-EDUCATIVES-A-SANT-JOAN-2.png\",\"contentUrl\":\"https:\/\/escolademusicasantjoan.com\/wp-content\/uploads\/2026\/02\/TROBADES-EDUCATIVES-A-SANT-JOAN-2.png\",\"width\":1414,\"height\":2000},{\"@type\":\"BreadcrumbList\",\"@id\":\"https:\/\/escolademusicasantjoan.com\/xerrades-educativas\/#breadcrumb\",\"itemListElement\":[{\"@type\":\"ListItem\",\"position\":1,\"name\":\"Portada\",\"item\":\"https:\/\/escolademusicasantjoan.com\/inicio\/\"},{\"@type\":\"ListItem\",\"position\":2,\"name\":\"Xerrades Educatives\"}]},{\"@type\":\"WebSite\",\"@id\":\"https:\/\/escolademusicasantjoan.com\/#website\",\"url\":\"https:\/\/escolademusicasantjoan.com\/\",\"name\":\"Escola De M\u00fasica Sant Joan\",\"description\":\"escuela de m\u00fasica\",\"publisher\":{\"@id\":\"https:\/\/escolademusicasantjoan.com\/#\/schema\/person\/376c9c4bab832235e877438a59f9a3da\"},\"potentialAction\":[{\"@type\":\"SearchAction\",\"target\":{\"@type\":\"EntryPoint\",\"urlTemplate\":\"https:\/\/escolademusicasantjoan.com\/?s={search_term_string}\"},\"query-input\":{\"@type\":\"PropertyValueSpecification\",\"valueRequired\":true,\"valueName\":\"search_term_string\"}}],\"inLanguage\":\"ca\"},{\"@type\":[\"Person\",\"Organization\"],\"@id\":\"https:\/\/escolademusicasantjoan.com\/#\/schema\/person\/376c9c4bab832235e877438a59f9a3da\",\"name\":\"Escola M\u00fasica San Joan\",\"image\":{\"@type\":\"ImageObject\",\"inLanguage\":\"ca\",\"@id\":\"https:\/\/escolademusicasantjoan.com\/#\/schema\/person\/image\/\",\"url\":\"https:\/\/escolademusicasantjoan.com\/wp-content\/uploads\/2024\/09\/Invertido.png\",\"contentUrl\":\"https:\/\/escolademusicasantjoan.com\/wp-content\/uploads\/2024\/09\/Invertido.png\",\"width\":480,\"height\":480,\"caption\":\"Escola M\u00fasica San Joan\"},\"logo\":{\"@id\":\"https:\/\/escolademusicasantjoan.com\/#\/schema\/person\/image\/\"}}]}<\/script>\n<!-- \/ Yoast SEO plugin. -->","yoast_head_json":{"title":"Xerrades Educatives &#062; Escola De M\u00fasica Sant Joan","robots":{"index":"index","follow":"follow","max-snippet":"max-snippet:-1","max-image-preview":"max-image-preview:large","max-video-preview":"max-video-preview:-1"},"canonical":"https:\/\/escolademusicasantjoan.com\/ca\/xerrades-educativas\/","og_locale":"ca_ES","og_type":"article","og_title":"Xerrades Educatives &#062; Escola De M\u00fasica Sant Joan","og_url":"https:\/\/escolademusicasantjoan.com\/ca\/xerrades-educativas\/","og_site_name":"Escola De M\u00fasica Sant Joan","article_modified_time":"2026-02-06T14:54:43+00:00","og_image":[{"width":1414,"height":2000,"url":"https:\/\/escolademusicasantjoan.com\/wp-content\/uploads\/2026\/02\/TROBADES-EDUCATIVES-A-SANT-JOAN-2.png","type":"image\/png"}],"twitter_card":"summary_large_image","twitter_misc":{"Temps estimat de lectura":"1 minut"},"schema":{"@context":"https:\/\/schema.org","@graph":[{"@type":"WebPage","@id":"https:\/\/escolademusicasantjoan.com\/xerrades-educativas\/","url":"https:\/\/escolademusicasantjoan.com\/xerrades-educativas\/","name":"Xerrades Educatives &#062; Escola De M\u00fasica Sant Joan","isPartOf":{"@id":"https:\/\/escolademusicasantjoan.com\/#website"},"primaryImageOfPage":{"@id":"https:\/\/escolademusicasantjoan.com\/xerrades-educativas\/#primaryimage"},"image":{"@id":"https:\/\/escolademusicasantjoan.com\/xerrades-educativas\/#primaryimage"},"thumbnailUrl":"https:\/\/escolademusicasantjoan.com\/wp-content\/uploads\/2026\/02\/TROBADES-EDUCATIVES-A-SANT-JOAN-2.png","datePublished":"2026-02-05T20:37:41+00:00","dateModified":"2026-02-06T14:54:43+00:00","breadcrumb":{"@id":"https:\/\/escolademusicasantjoan.com\/xerrades-educativas\/#breadcrumb"},"inLanguage":"ca","potentialAction":[{"@type":"ReadAction","target":["https:\/\/escolademusicasantjoan.com\/xerrades-educativas\/"]}]},{"@type":"ImageObject","inLanguage":"ca","@id":"https:\/\/escolademusicasantjoan.com\/xerrades-educativas\/#primaryimage","url":"https:\/\/escolademusicasantjoan.com\/wp-content\/uploads\/2026\/02\/TROBADES-EDUCATIVES-A-SANT-JOAN-2.png","contentUrl":"https:\/\/escolademusicasantjoan.com\/wp-content\/uploads\/2026\/02\/TROBADES-EDUCATIVES-A-SANT-JOAN-2.png","width":1414,"height":2000},{"@type":"BreadcrumbList","@id":"https:\/\/escolademusicasantjoan.com\/xerrades-educativas\/#breadcrumb","itemListElement":[{"@type":"ListItem","position":1,"name":"Portada","item":"https:\/\/escolademusicasantjoan.com\/inicio\/"},{"@type":"ListItem","position":2,"name":"Xerrades Educatives"}]},{"@type":"WebSite","@id":"https:\/\/escolademusicasantjoan.com\/#website","url":"https:\/\/escolademusicasantjoan.com\/","name":"Escola De M\u00fasica Sant Joan","description":"escuela de m\u00fasica","publisher":{"@id":"https:\/\/escolademusicasantjoan.com\/#\/schema\/person\/376c9c4bab832235e877438a59f9a3da"},"potentialAction":[{"@type":"SearchAction","target":{"@type":"EntryPoint","urlTemplate":"https:\/\/escolademusicasantjoan.com\/?s={search_term_string}"},"query-input":{"@type":"PropertyValueSpecification","valueRequired":true,"valueName":"search_term_string"}}],"inLanguage":"ca"},{"@type":["Person","Organization"],"@id":"https:\/\/escolademusicasantjoan.com\/#\/schema\/person\/376c9c4bab832235e877438a59f9a3da","name":"Escola M\u00fasica San Joan","image":{"@type":"ImageObject","inLanguage":"ca","@id":"https:\/\/escolademusicasantjoan.com\/#\/schema\/person\/image\/","url":"https:\/\/escolademusicasantjoan.com\/wp-content\/uploads\/2024\/09\/Invertido.png","contentUrl":"https:\/\/escolademusicasantjoan.com\/wp-content\/uploads\/2024\/09\/Invertido.png","width":480,"height":480,"caption":"Escola M\u00fasica San Joan"},"logo":{"@id":"https:\/\/escolademusicasantjoan.com\/#\/schema\/person\/image\/"}}]}},"_links":{"self":[{"href":"https:\/\/escolademusicasantjoan.com\/ca\/wp-json\/wp\/v2\/pages\/2536","targetHints":{"allow":["GET"]}}],"collection":[{"href":"https:\/\/escolademusicasantjoan.com\/ca\/wp-json\/wp\/v2\/pages"}],"about":[{"href":"https:\/\/escolademusicasantjoan.com\/ca\/wp-json\/wp\/v2\/types\/page"}],"author":[{"embeddable":true,"href":"https:\/\/escolademusicasantjoan.com\/ca\/wp-json\/wp\/v2\/users\/2"}],"replies":[{"embeddable":true,"href":"https:\/\/escolademusicasantjoan.com\/ca\/wp-json\/wp\/v2\/comments?post=2536"}],"version-history":[{"count":23,"href":"https:\/\/escolademusicasantjoan.com\/ca\/wp-json\/wp\/v2\/pages\/2536\/revisions"}],"predecessor-version":[{"id":2658,"href":"https:\/\/escolademusicasantjoan.com\/ca\/wp-json\/wp\/v2\/pages\/2536\/revisions\/2658"}],"wp:featuredmedia":[{"embeddable":true,"href":"https:\/\/escolademusicasantjoan.com\/ca\/wp-json\/wp\/v2\/media\/2557"}],"wp:attachment":[{"href":"https:\/\/escolademusicasantjoan.com\/ca\/wp-json\/wp\/v2\/media?parent=2536"}],"curies":[{"name":"wp","href":"https:\/\/api.w.org\/{rel}","templated":true}]}}